{"id":1467,"date":"2022-01-10T11:26:22","date_gmt":"2022-01-10T11:26:22","guid":{"rendered":"https:\/\/adebio.de\/?page_id=1467"},"modified":"2025-03-19T09:27:02","modified_gmt":"2025-03-19T09:27:02","slug":"imprint","status":"publish","type":"page","link":"https:\/\/adebio.de\/en\/imprint\/","title":{"rendered":"Imprint"},"content":{"rendered":"\t\t<div data-elementor-type=\"wp-page\" data-elementor-id=\"1467\" class=\"elementor elementor-1467 elementor-10\" data-elementor-post-type=\"page\">\n\t\t\t\t\t\t<section class=\"elementor-section elementor-top-section elementor-element elementor-element-43f70067 elementor-section-boxed elementor-section-height-default elementor-section-height-default\" data-id=\"43f70067\" data-element_type=\"section\">\n\t\t\t\t\t\t<div class=\"elementor-container elementor-column-gap-default\">\n\t\t\t\t\t<div class=\"elementor-column elementor-col-100 elementor-top-column elementor-element elementor-element-72a6d3ad\" data-id=\"72a6d3ad\" data-element_type=\"column\">\n\t\t\t<div class=\"elementor-widget-wrap elementor-element-populated\">\n\t\t\t\t\t\t<div class=\"elementor-element elementor-element-4f943a75 elementor-widget elementor-widget-text-editor\" data-id=\"4f943a75\" data-element_type=\"widget\" data-widget_type=\"text-editor.default\">\n\t\t\t\t<div class=\"elementor-widget-container\">\n\t\t\t\t\t\t\t\t\t<p>adebio Forderungsmanagement GmbH<br \/>Holzheimer Weg 6<br \/>41464 Neuss<\/p>\n<p>Handelsregister: HRB 24257<br \/>Registergericht: Amtsgericht Neuss<\/p>\n<p><strong>Vertreten durch:<\/strong><br \/>Christoph Saebel<\/p>\n<p>Die adebio Forderungsmanagement GmbH unterliegt dem Rechtsdienstleistungsgesetz und ist nach \u00a7 10 Abs. 1 RDG zugelassener Inkassodienstleister.\u00a0<\/p>\n<p>Aufsichtsbeh\u00f6rde i. S. d. \u00a7 5 Abs. 1 Nr. 3 DDG:<br \/>Bundesamt f\u00fcr Justiz, Referat VII 5 (RDG), Adenauerallee 99-103, 53113 Bonn, &#x72;d&#x67;&#64;b&#x66;&#106;&#x2e;&#98;u&#x6e;&#100;&#x2e;&#100;e<\/p>\n<h2>Kontakt<\/h2>\n<p>Telefon: (02131) 384 20 43<br \/>E-Mail: &#105;&#x6e;f&#x6f;&#64;&#97;&#x64;&#101;&#x62;i&#111;&#x2e;&#100;&#x65;<\/p>\n<h2>Umsatzsteuer-ID<\/h2>\n<p>Umsatzsteuer-Identifikationsnummer gem\u00e4\u00df \u00a7 27 a Umsatzsteuergesetz:<br \/>DE289699801<\/p>\n<h2>EU-Streitschlichtung<\/h2>\n<p>Die Europ\u00e4ische Kommission stellt eine Plattform zur Online-Streitbeilegung (OS) bereit: <a href=\"https:\/\/ec.europa.eu\/consumers\/odr\/\" target=\"_blank\" rel=\"noopener noreferrer\">https:\/\/ec.europa.eu\/consumers\/odr\/<\/a>.<br \/>Unsere E-Mail-Adresse finden Sie oben im Impressum.<\/p>\n<h2>Verbraucher\u00adstreit\u00adbeilegung\/Universal\u00adschlichtungs\u00adstelle<\/h2>\n<p>Wir sind nicht bereit oder verpflichtet, an Streitbeilegungsverfahren vor einer Verbraucherschlichtungsstelle teilzunehmen.<\/p>\n<p><strong>Design, Programmierung, Umsetzung:<\/strong><br \/><a href=\"https:\/\/www.kain-it.de\/\" target=\"_blank\" rel=\"noreferrer noopener\">SK Informationssysteme e.K., Sascha Kain<\/a><br \/><br \/><strong>Haftungshinweis:<\/strong><br \/><br \/>Trotz sorgf\u00e4ltiger und regelm\u00e4ssiger inhaltlicher Kontrolle \u00fcbernehmen wir keine Haftung f\u00fcr die Inhalte externer Links. F\u00fcr den Inhalt der verlinkten Seite ist ausschlie\u00dflich deren Betreiber verantwortlich. Sollten Sie feststellen, dass ein externer Link durch uns \u00fcberpr\u00fcft werden sollte, so sind wir f\u00fcr entsprechende Hinweise an <a href=\"ma&#105;&#108;&#116;&#x6f;&#x3a;&#x69;&#x6e;fo&#64;&#97;&#100;&#x65;&#x62;&#x69;&#x6f;&#46;d&#101;\"><strong>&#105;n&#102;o&#64;a&#x64;e&#x62;i&#x6f;&#46;&#x64;e<\/strong><\/a>\u00a0dankbar!<br \/><br \/><br \/><strong>Urheberrecht:<\/strong><br \/><br \/>S\u00e4mtliche Inhalte, Bilder und Grafiken dieser Internetpr\u00e4senz (http:\/\/www.adebio.de) d\u00fcrfen nur mit unserer ausdr\u00fccklichen, schriftlichen Genehmigung in jeglicher Form vervielf\u00e4ltigt, reproduziert, verarbeitet oder verbreitet werden!<br \/><br \/><br \/><strong>Bildnachweise &#8220;istockphoto.com&#8221;:<\/strong><\/p>\n<p>https:\/\/www.istockphoto.com\/de\/foto\/eine-zeitung-auf-einem-schreibtisch-mit-der-%C3%BCberschrift-whats-new-gm1221327448-357946702<br \/>https:\/\/www.istockphoto.com\/de\/foto\/bild-von-ein-erfolgreiches-legere-gesch%C3%A4ftsfrau-benutzt-laptop-w%C3%A4hrend-gm532344192-94219275<br \/>https:\/\/www.istockphoto.com\/de\/foto\/neuss-deutschland-8-august-2016-pedestrants-spaziergang-durch-eine-stadt-warenkorb-gm655304220-119210907<br \/>https:\/\/www.istockphoto.com\/de\/foto\/rechner-und-einem-tintenstift-auf-empfang-gm922109826-253163674<br \/>https:\/\/www.istockphoto.com\/de\/foto\/ziehe-dabei-das-seil-f%C3%BCr-teamwork-gm526181515-53205268<\/p>\t\t\t\t\t\t\t\t<\/div>\n\t\t\t\t<\/div>\n\t\t\t\t\t<\/div>\n\t\t<\/div>\n\t\t\t\t\t<\/div>\n\t\t<\/section>\n\t\t\t\t<\/div>\n\t\t","protected":false},"excerpt":{"rendered":"<p>adebio Forderungsmanagement GmbHHolzheimer Weg 641464 Neuss Handelsregister: HRB 24257Registergericht: Amtsgericht Neuss Vertreten durch:Christoph Saebel Die adebio Forderungsmanagement GmbH unterliegt dem Rechtsdienstleistungsgesetz und ist nach \u00a7 10 Abs. 1 RDG zugelassener Inkassodienstleister.\u00a0 Aufsichtsbeh\u00f6rde i. S. d. \u00a7 5 Abs. 1 Nr. 3 DDG:Bundesamt f\u00fcr Justiz, Referat VII 5 (RDG), Adenauerallee 99-103, 53113 Bonn, &#x72;&#100;&#x67;&#x40;b&#x66;&#106;&#46;&#x62;&#117;n&#x64;&#46;&#x64;&#x65; Kontakt Telefon: [&hellip;]<\/p>\n","protected":false},"author":1,"featured_media":0,"parent":0,"menu_order":0,"comment_status":"closed","ping_status":"closed","template":"","meta":{"footnotes":""},"class_list":["post-1467","page","type-page","status-publish","hentry"],"_links":{"self":[{"href":"https:\/\/adebio.de\/en\/wp-json\/wp\/v2\/pages\/1467","targetHints":{"allow":["GET"]}}],"collection":[{"href":"https:\/\/adebio.de\/en\/wp-json\/wp\/v2\/pages"}],"about":[{"href":"https:\/\/adebio.de\/en\/wp-json\/wp\/v2\/types\/page"}],"author":[{"embeddable":true,"href":"https:\/\/adebio.de\/en\/wp-json\/wp\/v2\/users\/1"}],"replies":[{"embeddable":true,"href":"https:\/\/adebio.de\/en\/wp-json\/wp\/v2\/comments?post=1467"}],"version-history":[{"count":8,"href":"https:\/\/adebio.de\/en\/wp-json\/wp\/v2\/pages\/1467\/revisions"}],"predecessor-version":[{"id":1872,"href":"https:\/\/adebio.de\/en\/wp-json\/wp\/v2\/pages\/1467\/revisions\/1872"}],"wp:attachment":[{"href":"https:\/\/adebio.de\/en\/wp-json\/wp\/v2\/media?parent=1467"}],"curies":[{"name":"wp","href":"https:\/\/api.w.org\/{rel}","templated":true}]}}